{"id":251721,"date":"2024-07-09T19:37:44","date_gmt":"2024-07-09T16:37:44","guid":{"rendered":"https:\/\/imkagroup.com\/stores\/"},"modified":"2025-04-14T19:28:16","modified_gmt":"2025-04-14T16:28:16","slug":"stores","status":"publish","type":"page","link":"https:\/\/imkagroup.com\/en\/stores\/","title":{"rendered":"STORES"},"content":{"rendered":"<p>[et_pb_section fb_built=&#8221;1&#8243; _builder_version=&#8221;4.25.1&#8243; _module_preset=&#8221;default&#8221; background_color=&#8221;rgba(35,35,35,0.7)&#8221; background_enable_image=&#8221;off&#8221; background_blend=&#8221;overlay&#8221; custom_padding=&#8221;60px||60px||true|false&#8221; global_colors_info=&#8221;{}&#8221;][et_pb_row _builder_version=&#8221;4.21.0&#8243; _module_preset=&#8221;default&#8221; custom_padding=&#8221;||29px||false|false&#8221; global_colors_info=&#8221;{}&#8221;][et_pb_column type=&#8221;4_4&#8243; _builder_version=&#8221;4.21.0&#8243; _module_preset=&#8221;default&#8221; global_colors_info=&#8221;{}&#8221;][et_pb_text _builder_version=&#8221;4.27.0&#8243; _dynamic_attributes=&#8221;content&#8221; _module_preset=&#8221;default&#8221; text_text_color=&#8221;#FFFFFF&#8221; text_font_size=&#8221;45px&#8221; text_line_height=&#8221;1.2em&#8221; header_text_align=&#8221;center&#8221; text_orientation=&#8221;center&#8221; global_colors_info=&#8221;{}&#8221;]@ET-DC@eyJkeW5hbWljIjp0cnVlLCJjb250ZW50IjoicG9zdF90aXRsZSIsInNldHRpbmdzIjp7ImJlZm9yZSI6IiIsImFmdGVyIjoiIn19@[\/et_pb_text][\/et_pb_column][\/et_pb_row][\/et_pb_section][et_pb_section fb_built=&#8221;1&#8243; admin_label=&#8221;Service Style 3 Main Section&#8221; _builder_version=&#8221;4.21.0&#8243; _module_preset=&#8221;default&#8221; custom_padding=&#8221;||130px||false|false&#8221; locked=&#8221;off&#8221; global_colors_info=&#8221;{}&#8221;][et_pb_row column_structure=&#8221;1_2,1_2&#8243; use_custom_gutter=&#8221;on&#8221; make_equal=&#8221;on&#8221; admin_label=&#8221;Service Style 3 Main Section Row 1&#8243; _builder_version=&#8221;4.27.2&#8243; _module_preset=&#8221;default&#8221; animation_style=&#8221;slide&#8221; animation_direction=&#8221;left&#8221; global_colors_info=&#8221;{}&#8221;][et_pb_column type=&#8221;1_2&#8243; _builder_version=&#8221;4.27.2&#8243; _module_preset=&#8221;default&#8221; global_colors_info=&#8221;{}&#8221;][et_pb_text _builder_version=&#8221;4.27.2&#8243; _module_preset=&#8221;default&#8221; text_text_color=&#8221;#232323&#8243; text_font_size=&#8221;18px&#8221; custom_margin=&#8221;|||30px|false|false&#8221; custom_padding=&#8221;90px|||||&#8221; global_colors_info=&#8221;{}&#8221;]<\/p>\n<p><strong>Country:<\/strong>\u00a0Letonya<\/p>\n<p><\/p>\n<p><strong>Store \/ Brand:<\/strong>\u00a0Lacoste Spice Mall\u00a0<\/p>\n<p><\/p>\n<p><strong>Adress:<\/strong>\u00a0Lielirbes iela 29, Riga,LV-1046 Latvia<\/p>\n<p>[\/et_pb_text][\/et_pb_column][et_pb_column type=&#8221;1_2&#8243; _builder_version=&#8221;4.26.0&#8243; _module_preset=&#8221;default&#8221; background_enable_image=&#8221;off&#8221; global_colors_info=&#8221;{}&#8221;][et_pb_gallery gallery_ids=&#8221;250466,250467,250468,250469,250470,250471&#8243; fullwidth=&#8221;on&#8221; _builder_version=&#8221;4.27.2&#8243; _module_preset=&#8221;default&#8221; animation_direction=&#8221;left&#8221; hover_enabled=&#8221;0&#8243; global_colors_info=&#8221;{}&#8221; auto=&#8221;on&#8221; sticky_enabled=&#8221;0&#8243;][\/et_pb_gallery][\/et_pb_column][\/et_pb_row][et_pb_row column_structure=&#8221;1_2,1_2&#8243; use_custom_gutter=&#8221;on&#8221; make_equal=&#8221;on&#8221; admin_label=&#8221;Service Style 3 Main Section Row 1&#8243; _builder_version=&#8221;4.27.2&#8243; _module_preset=&#8221;default&#8221; animation_style=&#8221;slide&#8221; animation_direction=&#8221;left&#8221; global_colors_info=&#8221;{}&#8221;][et_pb_column type=&#8221;1_2&#8243; _builder_version=&#8221;4.27.2&#8243; _module_preset=&#8221;default&#8221; global_colors_info=&#8221;{}&#8221;][et_pb_text _builder_version=&#8221;4.27.2&#8243; _module_preset=&#8221;default&#8221; text_text_color=&#8221;#232323&#8243; text_font_size=&#8221;18px&#8221; custom_margin=&#8221;|||30px|false|false&#8221; custom_padding=&#8221;90px|||||&#8221; global_colors_info=&#8221;{}&#8221;]<\/p>\n<p><strong>Country:<\/strong>\u00a0Moldova<\/p>\n<p><\/p>\n<p><strong>Brand:<\/strong>\u00a0Lacoste<\/p>\n<p><\/p>\n<p><strong>Adress:<\/strong>\u00a0Chopin Moldovia, Strada Arborilor,<br \/>21 Md 2008 Chisinau.<\/p>\n<p>[\/et_pb_text][\/et_pb_column][et_pb_column type=&#8221;1_2&#8243; _builder_version=&#8221;4.26.0&#8243; _module_preset=&#8221;default&#8221; background_enable_image=&#8221;off&#8221; global_colors_info=&#8221;{}&#8221;][et_pb_gallery gallery_ids=&#8221;250473,250474,250475,250476,250477,250478&#8243; fullwidth=&#8221;on&#8221; _builder_version=&#8221;4.27.2&#8243; _module_preset=&#8221;default&#8221; title_text_color=&#8221;#FFFFFF&#8221; title_font_size=&#8221;1px&#8221; pagination_font=&#8221;|&#8211;et_global_heading_font_weight|||||||&#8221; pagination_font_size=&#8221;1px&#8221; background_layout=&#8221;dark&#8221; animation_direction=&#8221;left&#8221; hover_enabled=&#8221;0&#8243; global_colors_info=&#8221;{}&#8221; auto=&#8221;on&#8221; sticky_enabled=&#8221;0&#8243;][\/et_pb_gallery][\/et_pb_column][\/et_pb_row][et_pb_row column_structure=&#8221;1_2,1_2&#8243; use_custom_gutter=&#8221;on&#8221; make_equal=&#8221;on&#8221; admin_label=&#8221;Service Style 3 Main Section Row 1&#8243; _builder_version=&#8221;4.27.2&#8243; _module_preset=&#8221;default&#8221; animation_style=&#8221;slide&#8221; animation_direction=&#8221;left&#8221; global_colors_info=&#8221;{}&#8221;][et_pb_column type=&#8221;1_2&#8243; _builder_version=&#8221;4.27.2&#8243; _module_preset=&#8221;default&#8221; global_colors_info=&#8221;{}&#8221;][et_pb_text _builder_version=&#8221;4.27.2&#8243; _module_preset=&#8221;default&#8221; text_text_color=&#8221;#232323&#8243; text_font_size=&#8221;18px&#8221; custom_margin=&#8221;|||30px|false|false&#8221; custom_padding=&#8221;90px|||||&#8221; global_colors_info=&#8221;{}&#8221;]<\/p>\n<p><strong>Country:<\/strong>\u00a0Moldova<\/p>\n<p><\/p>\n<p><strong>Brand:<\/strong>\u00a0S\u00fcperStep<\/p>\n<p><\/p>\n<p><strong>Adress:\u00a0<\/strong>Chopin Moldova, Strada Arborilor, 21 Md 2008 Chisinau.<\/p>\n<p>[\/et_pb_text][\/et_pb_column][et_pb_column type=&#8221;1_2&#8243; _builder_version=&#8221;4.26.0&#8243; _module_preset=&#8221;default&#8221; background_enable_image=&#8221;off&#8221; global_colors_info=&#8221;{}&#8221;][et_pb_gallery gallery_ids=&#8221;250479,250480,250481,250482,250483,250478&#8243; fullwidth=&#8221;on&#8221; _builder_version=&#8221;4.27.2&#8243; _module_preset=&#8221;default&#8221; animation_direction=&#8221;left&#8221; hover_enabled=&#8221;0&#8243; global_colors_info=&#8221;{}&#8221; auto=&#8221;on&#8221; sticky_enabled=&#8221;0&#8243;][\/et_pb_gallery][\/et_pb_column][\/et_pb_row][et_pb_row column_structure=&#8221;1_2,1_2&#8243; use_custom_gutter=&#8221;on&#8221; make_equal=&#8221;on&#8221; admin_label=&#8221;Service Style 3 Main Section Row 1&#8243; _builder_version=&#8221;4.27.2&#8243; _module_preset=&#8221;default&#8221; background_enable_color=&#8221;off&#8221; animation_style=&#8221;slide&#8221; animation_direction=&#8221;left&#8221; border_color_all=&#8221;#232323&#8243; global_colors_info=&#8221;{}&#8221;][et_pb_column type=&#8221;1_2&#8243; _builder_version=&#8221;4.27.2&#8243; _module_preset=&#8221;default&#8221; border_color_all=&#8221;#FFFFFF&#8221; global_colors_info=&#8221;{}&#8221;][et_pb_text _builder_version=&#8221;4.27.2&#8243; _module_preset=&#8221;default&#8221; text_text_color=&#8221;#232323&#8243; text_font_size=&#8221;18px&#8221; custom_margin=&#8221;|||30px|false|false&#8221; custom_padding=&#8221;90px|||||&#8221; global_colors_info=&#8221;{}&#8221;]<\/p>\n<p><strong>Country:<\/strong>\u00a0T\u00fcrkmenistan<\/p>\n<p><\/p>\n<p><strong>Store\/Brand:<\/strong>\u00a0Arka\u00e7 Penti<\/p>\n<p><\/p>\n<p><strong>Adress:<\/strong>\u00a0Arka\u00e7 SDAM, Magtymguly \u015fa\u00fdoly, A\u015fgabat<\/p>\n<p>[\/et_pb_text][\/et_pb_column][et_pb_column type=&#8221;1_2&#8243; _builder_version=&#8221;4.26.0&#8243; _module_preset=&#8221;default&#8221; background_enable_image=&#8221;off&#8221; global_colors_info=&#8221;{}&#8221;][et_pb_gallery gallery_ids=&#8221;250486,250487,250488,250489,250490,250491&#8243; fullwidth=&#8221;on&#8221; _builder_version=&#8221;4.27.2&#8243; _module_preset=&#8221;default&#8221; animation_direction=&#8221;left&#8221; hover_enabled=&#8221;0&#8243; global_colors_info=&#8221;{}&#8221; auto=&#8221;on&#8221; sticky_enabled=&#8221;0&#8243;][\/et_pb_gallery][\/et_pb_column][\/et_pb_row][et_pb_row column_structure=&#8221;1_2,1_2&#8243; use_custom_gutter=&#8221;on&#8221; make_equal=&#8221;on&#8221; admin_label=&#8221;Service Style 3 Main Section Row 1&#8243; _builder_version=&#8221;4.26.0&#8243; _module_preset=&#8221;default&#8221; animation_style=&#8221;slide&#8221; animation_direction=&#8221;left&#8221; global_colors_info=&#8221;{}&#8221;][et_pb_column type=&#8221;1_2&#8243; _builder_version=&#8221;4.20.0&#8243; _module_preset=&#8221;default&#8221; global_colors_info=&#8221;{}&#8221;][et_pb_text _builder_version=&#8221;4.27.2&#8243; _module_preset=&#8221;default&#8221; text_text_color=&#8221;#232323&#8243; text_font_size=&#8221;18px&#8221; custom_margin=&#8221;|||30px|false|false&#8221; custom_padding=&#8221;90px|||||&#8221; global_colors_info=&#8221;{}&#8221;]<\/p>\n<p><strong>Country:<\/strong>\u00a0T\u00fcrkmenistan<\/p>\n<p><\/p>\n<p><strong>Store \/Brand:<\/strong>\u00a0Berkarar Penti<\/p>\n<p><\/p>\n<p><strong>Adress:<\/strong>\u00a0Berkarar SDAM, Atat\u00fcrk K\u00f6\u00e7esi 80, A\u015fgabat<\/p>\n<p>[\/et_pb_text][\/et_pb_column][et_pb_column type=&#8221;1_2&#8243; _builder_version=&#8221;4.26.0&#8243; _module_preset=&#8221;default&#8221; background_enable_image=&#8221;off&#8221; global_colors_info=&#8221;{}&#8221;][et_pb_gallery gallery_ids=&#8221;250494,250495,250496,250497,250498,250499&#8243; fullwidth=&#8221;on&#8221; _builder_version=&#8221;4.27.2&#8243; _module_preset=&#8221;default&#8221; animation_direction=&#8221;left&#8221; hover_enabled=&#8221;0&#8243; global_colors_info=&#8221;{}&#8221; auto=&#8221;on&#8221; sticky_enabled=&#8221;0&#8243;][\/et_pb_gallery][\/et_pb_column][\/et_pb_row][et_pb_row column_structure=&#8221;1_2,1_2&#8243; use_custom_gutter=&#8221;on&#8221; make_equal=&#8221;on&#8221; admin_label=&#8221;Service Style 3 Main Section Row 1&#8243; _builder_version=&#8221;4.26.0&#8243; _module_preset=&#8221;default&#8221; animation_style=&#8221;slide&#8221; animation_direction=&#8221;left&#8221; global_colors_info=&#8221;{}&#8221;][et_pb_column type=&#8221;1_2&#8243; _builder_version=&#8221;4.20.0&#8243; _module_preset=&#8221;default&#8221; global_colors_info=&#8221;{}&#8221;][et_pb_text _builder_version=&#8221;4.27.2&#8243; _module_preset=&#8221;default&#8221; text_text_color=&#8221;#232323&#8243; text_font_size=&#8221;18px&#8221; custom_padding=&#8221;90px|||30px|false|false&#8221; global_colors_info=&#8221;{}&#8221;]<\/p>\n<p><strong>Country:<\/strong>\u00a0T\u00fcrkmenistan<\/p>\n<p><\/p>\n<p><strong>Store\/Brand:<\/strong>\u00a0Optov Penti \u015eubesi<\/p>\n<p><\/p>\n<p><strong>Adress:<\/strong>\u00a0Gara\u015fsyzlygy\u0148 15 \u00fdyllygy SDAM,<br \/>Oguzhan K\u00f6\u00e7esi 41, A\u015fgabat<\/p>\n<p>[\/et_pb_text][\/et_pb_column][et_pb_column type=&#8221;1_2&#8243; _builder_version=&#8221;4.26.0&#8243; _module_preset=&#8221;default&#8221; background_enable_image=&#8221;off&#8221; global_colors_info=&#8221;{}&#8221;][et_pb_gallery gallery_ids=&#8221;250500,250501,250502,250503,250504,250505&#8243; fullwidth=&#8221;on&#8221; _builder_version=&#8221;4.27.2&#8243; _module_preset=&#8221;default&#8221; animation_direction=&#8221;left&#8221; hover_enabled=&#8221;0&#8243; caption_text_shadow_style=&#8221;preset1&#8243; global_colors_info=&#8221;{}&#8221; auto=&#8221;on&#8221; sticky_enabled=&#8221;0&#8243;][\/et_pb_gallery][\/et_pb_column][\/et_pb_row][et_pb_row column_structure=&#8221;1_2,1_2&#8243; use_custom_gutter=&#8221;on&#8221; make_equal=&#8221;on&#8221; admin_label=&#8221;Service Style 3 Main Section Row 1&#8243; _builder_version=&#8221;4.26.0&#8243; _module_preset=&#8221;default&#8221; animation_style=&#8221;slide&#8221; animation_direction=&#8221;left&#8221; global_colors_info=&#8221;{}&#8221;][et_pb_column type=&#8221;1_2&#8243; _builder_version=&#8221;4.20.0&#8243; _module_preset=&#8221;default&#8221; global_colors_info=&#8221;{}&#8221;][et_pb_text _builder_version=&#8221;4.27.2&#8243; _module_preset=&#8221;default&#8221; text_text_color=&#8221;#232323&#8243; text_font_size=&#8221;18px&#8221; custom_padding=&#8221;90px|||30px|false|false&#8221; global_colors_info=&#8221;{}&#8221;]<\/p>\n<p><strong>Country:<\/strong>\u00a0T\u00fcrkmenistan<\/p>\n<p><\/p>\n<p><strong>Store\/Brand:<\/strong>\u00a0Flormar<\/p>\n<p><\/p>\n<p><strong>Adress:<\/strong>\u00a0Arka\u00e7 SDAM, Magtymguly \u015fa\u00fdoly, A\u015fgabat<\/p>\n<p>[\/et_pb_text][\/et_pb_column][et_pb_column type=&#8221;1_2&#8243; _builder_version=&#8221;4.26.0&#8243; _module_preset=&#8221;default&#8221; background_enable_image=&#8221;off&#8221; global_colors_info=&#8221;{}&#8221;][et_pb_gallery gallery_ids=&#8221;250507,250508,250509,250510,250511,250512&#8243; fullwidth=&#8221;on&#8221; _builder_version=&#8221;4.27.2&#8243; _module_preset=&#8221;default&#8221; title_font=&#8221;|300|||||||&#8221; title_font_size=&#8221;1px&#8221; background_layout=&#8221;dark&#8221; animation_direction=&#8221;left&#8221; hover_enabled=&#8221;0&#8243; global_colors_info=&#8221;{}&#8221; auto=&#8221;on&#8221; sticky_enabled=&#8221;0&#8243;][\/et_pb_gallery][\/et_pb_column][\/et_pb_row][\/et_pb_section]<\/p>\n","protected":false},"excerpt":{"rendered":"<p>Country:\u00a0LetonyaStore \/ Brand:\u00a0Lacoste Spice Mall\u00a0Adress:\u00a0Lielirbes iela 29, Riga,LV-1046 LatviaCountry:\u00a0MoldovaBrand:\u00a0LacosteAdress:\u00a0Chopin Moldovia, Strada Arborilor,21 Md 2008 Chisinau.Country:\u00a0MoldovaBrand:\u00a0S\u00fcperStepAdress:\u00a0Chopin Moldova, Strada Arborilor, 21 Md 2008 Chisinau.Country:\u00a0T\u00fcrkmenistanStore\/Brand:\u00a0Arka\u00e7 PentiAdress:\u00a0Arka\u00e7 SDAM, Magtymguly \u015fa\u00fdoly, A\u015fgabatCountry:\u00a0T\u00fcrkmenistanStore \/Brand:\u00a0Berkarar PentiAdress:\u00a0Berkarar SDAM, Atat\u00fcrk K\u00f6\u00e7esi 80, A\u015fgabatCountry:\u00a0T\u00fcrkmenistanStore\/Brand:\u00a0Optov Penti \u015eubesiAdress:\u00a0Gara\u015fsyzlygy\u0148 15 \u00fdyllygy SDAM,Oguzhan K\u00f6\u00e7esi 41, A\u015fgabatCountry:\u00a0T\u00fcrkmenistanStore\/Brand:\u00a0FlormarAdress:\u00a0Arka\u00e7 SDAM, Magtymguly \u015fa\u00fdoly, A\u015fgabat<\/p>\n","protected":false},"author":3,"featured_media":0,"parent":0,"menu_order":0,"comment_status":"closed","ping_status":"closed","template":"","meta":{"_et_pb_use_builder":"on","_et_pb_old_content":"","_et_gb_content_width":"","footnotes":""},"class_list":["post-251721","page","type-page","status-publish","hentry"],"_links":{"self":[{"href":"https:\/\/imkagroup.com\/en\/wp-json\/wp\/v2\/pages\/251721","targetHints":{"allow":["GET"]}}],"collection":[{"href":"https:\/\/imkagroup.com\/en\/wp-json\/wp\/v2\/pages"}],"about":[{"href":"https:\/\/imkagroup.com\/en\/wp-json\/wp\/v2\/types\/page"}],"author":[{"embeddable":true,"href":"https:\/\/imkagroup.com\/en\/wp-json\/wp\/v2\/users\/3"}],"replies":[{"embeddable":true,"href":"https:\/\/imkagroup.com\/en\/wp-json\/wp\/v2\/comments?post=251721"}],"version-history":[{"count":2,"href":"https:\/\/imkagroup.com\/en\/wp-json\/wp\/v2\/pages\/251721\/revisions"}],"predecessor-version":[{"id":251723,"href":"https:\/\/imkagroup.com\/en\/wp-json\/wp\/v2\/pages\/251721\/revisions\/251723"}],"wp:attachment":[{"href":"https:\/\/imkagroup.com\/en\/wp-json\/wp\/v2\/media?parent=251721"}],"curies":[{"name":"wp","href":"https:\/\/api.w.org\/{rel}","templated":true}]}}